{"id":30266,"date":"2023-05-25T15:29:51","date_gmt":"2023-05-25T13:29:51","guid":{"rendered":"http:\/\/172.16.2.111\/?page_id=30266"},"modified":"2025-01-17T11:01:27","modified_gmt":"2025-01-17T10:01:27","slug":"contact","status":"publish","type":"page","link":"https:\/\/monaimmo.com\/index.php\/contact\/","title":{"rendered":"Contact"},"content":{"rendered":"\t\t<div data-elementor-type=\"wp-page\" data-elementor-id=\"30266\" class=\"elementor elementor-30266\">\n\t\t\t\t\t\t<section class=\"elementor-section elementor-top-section elementor-element elementor-element-27ce74c elementor-section-boxed elementor-section-height-default elementor-section-height-default exad-glass-effect-no exad-sticky-section-no\" data-id=\"27ce74c\" data-element_type=\"section\" data-e-type=\"section\" data-settings=\"{&quot;background_background&quot;:&quot;slideshow&quot;,&quot;background_slideshow_gallery&quot;:[],&quot;background_slideshow_loop&quot;:&quot;yes&quot;,&quot;background_slideshow_slide_duration&quot;:5000,&quot;background_slideshow_slide_transition&quot;:&quot;fade&quot;,&quot;background_slideshow_transition_duration&quot;:500}\">\n\t\t\t\t\t\t<div class=\"elementor-container elementor-column-gap-default\">\n\t\t\t\t\t<div class=\"elementor-column elementor-col-100 elementor-top-column elementor-element elementor-element-7a11192 exad-glass-effect-no exad-sticky-section-no\" data-id=\"7a11192\" data-element_type=\"column\" data-e-type=\"column\">\n\t\t\t<div class=\"elementor-widget-wrap elementor-element-populated\">\n\t\t\t\t\t\t<div class=\"elementor-element elementor-element-e55e702 elementor-widget__width-initial exad-sticky-section-no exad-glass-effect-no elementor-widget elementor-widget-wpforms\" data-id=\"e55e702\" data-element_type=\"widget\" data-e-type=\"widget\" data-widget_type=\"wpforms.default\">\n\t\t\t\t<div class=\"elementor-widget-container\">\n\t\t\t\t\t<div class=\"wpforms-container wpforms-container-full wpforms-render-modern\" id=\"wpforms-30272\"><form id=\"wpforms-form-30272\" class=\"wpforms-validate wpforms-form wpforms-ajax-form\" data-formid=\"30272\" method=\"post\" enctype=\"multipart\/form-data\" action=\"\/index.php\/wp-json\/wp\/v2\/pages\/30266\" data-token=\"0d859676c747f9e6d86d86f6957916e0\" data-token-time=\"1777191631\"><noscript class=\"wpforms-error-noscript\">Veuillez activer JavaScript dans votre navigateur pour remplir ce formulaire.<\/noscript><div id=\"wpforms-error-noscript\" style=\"display: none;\">Veuillez activer JavaScript dans votre navigateur pour remplir ce formulaire.<\/div><div class=\"wpforms-field-container\"><div id=\"wpforms-30272-field_1-container\" class=\"wpforms-field wpforms-field-name\" data-field-id=\"1\"><fieldset><legend class=\"wpforms-field-label\">Nom <span class=\"wpforms-required-label\" aria-hidden=\"true\">*<\/span><\/legend><div class=\"wpforms-field-row wpforms-field-medium\"><div class=\"wpforms-field-row-block wpforms-first wpforms-one-half\"><input type=\"text\" id=\"wpforms-30272-field_1\" class=\"wpforms-field-name-first wpforms-field-required\" name=\"wpforms[fields][1][first]\" aria-errormessage=\"wpforms-30272-field_1-error\" required><label for=\"wpforms-30272-field_1\" class=\"wpforms-field-sublabel after\">Pr\u00e9nom<\/label><\/div><div class=\"wpforms-field-row-block wpforms-one-half\"><input type=\"text\" id=\"wpforms-30272-field_1-last\" class=\"wpforms-field-name-last wpforms-field-required\" name=\"wpforms[fields][1][last]\" aria-errormessage=\"wpforms-30272-field_1-last-error\" required><label for=\"wpforms-30272-field_1-last\" class=\"wpforms-field-sublabel after\">Nom<\/label><\/div><\/div><\/fieldset><\/div><div id=\"wpforms-30272-field_3-container\" class=\"wpforms-field wpforms-field-number\" data-field-id=\"3\"><label class=\"wpforms-field-label\" for=\"wpforms-30272-field_3\">T\u00e9l\u00e9phone <span class=\"wpforms-required-label\" aria-hidden=\"true\">*<\/span><\/label><input type=\"number\" id=\"wpforms-30272-field_3\" class=\"wpforms-field-medium wpforms-field-required\" name=\"wpforms[fields][3]\" step=\"any\" aria-errormessage=\"wpforms-30272-field_3-error\" required><\/div><div id=\"wpforms-30272-field_4-container\" class=\"wpforms-field wpforms-field-email\" data-field-id=\"4\"><label class=\"wpforms-field-label\" for=\"wpforms-30272-field_4\">E-mail <span class=\"wpforms-required-label\" aria-hidden=\"true\">*<\/span><\/label><input type=\"email\" id=\"wpforms-30272-field_4\" class=\"wpforms-field-medium wpforms-field-required\" name=\"wpforms[fields][4]\" spellcheck=\"false\" aria-errormessage=\"wpforms-30272-field_4-error\" required><\/div><div id=\"wpforms-30272-field_5-container\" class=\"wpforms-field wpforms-field-textarea\" data-field-id=\"5\"><label class=\"wpforms-field-label\" for=\"wpforms-30272-field_5\">Message<\/label><textarea id=\"wpforms-30272-field_5\" class=\"wpforms-field-medium\" name=\"wpforms[fields][5]\" aria-errormessage=\"wpforms-30272-field_5-error\" ><\/textarea><\/div><\/div><!-- .wpforms-field-container --><div class=\"wpforms-submit-container\" ><input type=\"hidden\" name=\"wpforms[id]\" value=\"30272\"><input type=\"hidden\" name=\"page_title\" value=\"\"><input type=\"hidden\" name=\"page_url\" value=\"https:\/\/monaimmo.com\/index.php\/wp-json\/wp\/v2\/pages\/30266\"><input type=\"hidden\" name=\"url_referer\" value=\"\"><button type=\"submit\" name=\"wpforms[submit]\" id=\"wpforms-submit-30272\" class=\"wpforms-submit\" data-alt-text=\"Envoi...\" data-submit-text=\"Envoyer\" aria-live=\"assertive\" value=\"wpforms-submit\">Envoyer<\/button><img decoding=\"async\" src=\"https:\/\/monaimmo.com\/wp-content\/plugins\/wpforms-lite\/assets\/images\/submit-spin.svg\" class=\"wpforms-submit-spinner\" style=\"display: none;\" width=\"26\" height=\"26\" alt=\"Chargement en cours\"><\/div><\/form><\/div>  <!-- .wpforms-container -->\t\t\t\t<\/div>\n\t\t\t\t<\/div>\n\t\t\t\t\t<\/div>\n\t\t<\/div>\n\t\t\t\t\t<\/div>\n\t\t<\/section>\n\t\t\t\t<section class=\"elementor-section elementor-top-section elementor-element elementor-element-e5fef1f elementor-section-boxed elementor-section-height-default elementor-section-height-default exad-glass-effect-no exad-sticky-section-no\" data-id=\"e5fef1f\" data-element_type=\"section\" data-e-type=\"section\">\n\t\t\t\t\t\t<div class=\"elementor-container elementor-column-gap-default\">\n\t\t\t\t\t<div class=\"elementor-column elementor-col-100 elementor-top-column elementor-element elementor-element-510f074 exad-glass-effect-no exad-sticky-section-no\" data-id=\"510f074\" data-element_type=\"column\" data-e-type=\"column\">\n\t\t\t<div class=\"elementor-widget-wrap elementor-element-populated\">\n\t\t\t\t\t\t<div class=\"exad-link-anything-wrapper elementor-element elementor-element-c6415a4 exad-sticky-section-no exad-glass-effect-no elementor-widget elementor-widget-exad-google-maps\" data-exad-element-link=\"{&quot;url&quot;:&quot;https:\\\/\\\/maps.app.goo.gl\\\/fuiuoBrDrur9QPBa8&quot;,&quot;is_external&quot;:&quot;on&quot;,&quot;nofollow&quot;:&quot;&quot;,&quot;custom_attributes&quot;:&quot;&quot;}\" style=\"cursor: pointer\" data-id=\"c6415a4\" data-element_type=\"widget\" data-e-type=\"widget\" data-widget_type=\"exad-google-maps.default\">\n\t\t\t\t<div class=\"elementor-widget-container\">\n\t\t\t\t\t\r\n\t\t<div class=\"exad-google-maps\" id=\"exad-google-maps-c6415a4\" data-exad-theme=\"standard\" data-exad-lat=\"14.755072\" data-exad-lng=\"-17.493563\" data-exad-zoom=\"12\" data-exad-streeview-control=\"false\" data-exad-type-control=\"false\" data-exad-zoom-control=\"false\" data-exad-fullscreen-control=\"false\" data-exad-scroll-zoom=\"false\"><\/div>\r\n\t\t\t\t\t<\/div>\n\t\t\t\t<\/div>\n\t\t\t\t\t<\/div>\n\t\t<\/div>\n\t\t\t\t\t<\/div>\n\t\t<\/section>\n\t\t\t\t<section class=\"elementor-section elementor-top-section elementor-element elementor-element-ea31d9b elementor-section-boxed elementor-section-height-default elementor-section-height-default exad-glass-effect-no exad-sticky-section-no\" data-id=\"ea31d9b\" data-element_type=\"section\" data-e-type=\"section\">\n\t\t\t\t\t\t<div class=\"elementor-container elementor-column-gap-wider\">\n\t\t\t\t\t<div class=\"elementor-column elementor-col-100 elementor-top-column elementor-element elementor-element-fb8009d exad-glass-effect-no exad-sticky-section-no\" data-id=\"fb8009d\" data-element_type=\"column\" data-e-type=\"column\">\n\t\t\t<div class=\"elementor-widget-wrap elementor-element-populated\">\n\t\t\t\t\t\t<div class=\"elementor-element elementor-element-22ce68c elementor-widget__width-initial exad-sticky-section-no exad-glass-effect-no elementor-widget elementor-widget-thim-ekits-header-info\" data-id=\"22ce68c\" data-element_type=\"widget\" data-e-type=\"widget\" data-widget_type=\"thim-ekits-header-info.default\">\n\t\t\t\t<div class=\"elementor-widget-container\">\n\t\t\t\t\t\t\t<div class=\"header-info-swapper\">\n\t\t\t<ul class=\"thim-header-info\">\n\t\t\t\t\t\t\t\t\t\t<li>\n\t\t\t\t\t\t\t\t\t\t\t\t\t\t<a href=\"mailto:contact@monaimmo.com\" target=\"_blank\" rel=\"nofollow\">\n\t\t\t\t\t\t\t\t\t\t\t\t\t\t\t\t\t\t\t\t\t\t\t\t\t<span>\n\t\t\t\t\t\t\t\t\t<i aria-hidden=\"true\" class=\"far fa-envelope\"><\/i>\t\t\t\t\t\t\t\t<\/span>\n\t\t\t\t\t\t\t\t\n\t\t\t\t\t\t\t\tcontact@monaimmo.com\n\t\t\t\t\t\t\t\t\t\t\t\t\t\t\t<\/a>\n\t\t\t\t\t\t\t\t\t\t\t\t<\/li>\n\t\t\t\t\t\t\t\t\t<\/ul>\n\t\t<\/div>\n\t\t\t\t\t\t<\/div>\n\t\t\t\t<\/div>\n\t\t\t\t<div class=\"elementor-element elementor-element-a0d0120 elementor-widget__width-initial exad-sticky-section-no exad-glass-effect-no elementor-widget elementor-widget-thim-ekits-header-info\" data-id=\"a0d0120\" data-element_type=\"widget\" data-e-type=\"widget\" data-widget_type=\"thim-ekits-header-info.default\">\n\t\t\t\t<div class=\"elementor-widget-container\">\n\t\t\t\t\t\t\t<div class=\"header-info-swapper\">\n\t\t\t<ul class=\"thim-header-info\">\n\t\t\t\t\t\t\t\t\t\t<li>\n\t\t\t\t\t\t\t\t\t\t\t\t\t\t<a href=\"tel:774853232\" target=\"_blank\" rel=\"nofollow\">\n\t\t\t\t\t\t\t\t\t\t\t\t\t\t\t\t\t\t\t\t\t\t\t\t\t<span>\n\t\t\t\t\t\t\t\t\t<i aria-hidden=\"true\" class=\"tk tk-phone\"><\/i>\t\t\t\t\t\t\t\t<\/span>\n\t\t\t\t\t\t\t\t\n\t\t\t\t\t\t\t\t+221 77 485 32 32\n\t\t\t\t\t\t\t\t\t\t\t\t\t\t\t<\/a>\n\t\t\t\t\t\t\t\t\t\t\t\t<\/li>\n\t\t\t\t\t\t\t\t\t<\/ul>\n\t\t<\/div>\n\t\t\t\t\t\t<\/div>\n\t\t\t\t<\/div>\n\t\t\t\t\t<\/div>\n\t\t<\/div>\n\t\t\t\t\t<\/div>\n\t\t<\/section>\n\t\t\t\t<\/div>\n\t\t","protected":false},"excerpt":{"rendered":"<p>contact@monaimmo.com +221 77 485 32 32<\/p>\n","protected":false},"author":1,"featured_media":0,"parent":0,"menu_order":0,"comment_status":"closed","ping_status":"closed","template":"","meta":{"_joinchat":[],"footnotes":""},"class_list":["post-30266","page","type-page","status-publish","hentry"],"yoast_head":"<!-- This site is optimized with the Yoast SEO plugin v20.12 - https:\/\/yoast.com\/wordpress\/plugins\/seo\/ -->\n<title>Contact - Mona Immo<\/title>\n<meta name=\"description\" content=\"MONA IMMO est une entreprise de promotion immobili\u00e8re (r\u00e9sidences, commerces et institutions) qui propose actuellement des logements de haut-standing \u00e0 Dakar.\" \/>\n<meta name=\"robots\" content=\"index, follow, max-snippet:-1, max-image-preview:large, max-video-preview:-1\" \/>\n<link rel=\"canonical\" href=\"https:\/\/monaimmo.com\/index.php\/contact\/\" \/>\n<meta property=\"og:locale\" content=\"fr_FR\" \/>\n<meta property=\"og:type\" content=\"article\" \/>\n<meta property=\"og:title\" content=\"Contact - Mona Immo\" \/>\n<meta property=\"og:description\" content=\"MONA IMMO est une entreprise de promotion immobili\u00e8re (r\u00e9sidences, commerces et institutions) qui propose actuellement des logements de haut-standing \u00e0 Dakar.\" \/>\n<meta property=\"og:url\" content=\"https:\/\/monaimmo.com\/index.php\/contact\/\" \/>\n<meta property=\"og:site_name\" content=\"Mona Immo\" \/>\n<meta property=\"article:publisher\" content=\"https:\/\/www.facebook.com\/residencemonaimmo\/\" \/>\n<meta property=\"article:modified_time\" content=\"2025-01-17T10:01:27+00:00\" \/>\n<meta name=\"twitter:card\" content=\"summary_large_image\" \/>\n<meta name=\"twitter:site\" content=\"@Monaimmo2\" \/>\n<meta name=\"twitter:label1\" content=\"Dur\u00e9e de lecture estim\u00e9e\" \/>\n\t<meta name=\"twitter:data1\" content=\"8 minutes\" \/>\n<script type=\"application\/ld+json\" class=\"yoast-schema-graph\">{\"@context\":\"https:\/\/schema.org\",\"@graph\":[{\"@type\":\"WebPage\",\"@id\":\"https:\/\/monaimmo.com\/index.php\/contact\/\",\"url\":\"https:\/\/monaimmo.com\/index.php\/contact\/\",\"name\":\"Contact - Mona Immo\",\"isPartOf\":{\"@id\":\"https:\/\/monaimmo.com\/#website\"},\"datePublished\":\"2023-05-25T13:29:51+00:00\",\"dateModified\":\"2025-01-17T10:01:27+00:00\",\"description\":\"MONA IMMO est une entreprise de promotion immobili\u00e8re (r\u00e9sidences, commerces et institutions) qui propose actuellement des logements de haut-standing \u00e0 Dakar.\",\"breadcrumb\":{\"@id\":\"https:\/\/monaimmo.com\/index.php\/contact\/#breadcrumb\"},\"inLanguage\":\"fr-FR\",\"potentialAction\":[{\"@type\":\"ReadAction\",\"target\":[\"https:\/\/monaimmo.com\/index.php\/contact\/\"]}]},{\"@type\":\"BreadcrumbList\",\"@id\":\"https:\/\/monaimmo.com\/index.php\/contact\/#breadcrumb\",\"itemListElement\":[{\"@type\":\"ListItem\",\"position\":1,\"name\":\"Accueil\",\"item\":\"https:\/\/monaimmo.com\/\"},{\"@type\":\"ListItem\",\"position\":2,\"name\":\"Contact\"}]},{\"@type\":\"WebSite\",\"@id\":\"https:\/\/monaimmo.com\/#website\",\"url\":\"https:\/\/monaimmo.com\/\",\"name\":\"Mona Immo\",\"description\":\"La r\u00e9sidence id\u00e9ale pour votre style de vie.\",\"publisher\":{\"@id\":\"https:\/\/monaimmo.com\/#organization\"},\"potentialAction\":[{\"@type\":\"SearchAction\",\"target\":{\"@type\":\"EntryPoint\",\"urlTemplate\":\"https:\/\/monaimmo.com\/?s={search_term_string}\"},\"query-input\":\"required name=search_term_string\"}],\"inLanguage\":\"fr-FR\"},{\"@type\":\"Organization\",\"@id\":\"https:\/\/monaimmo.com\/#organization\",\"name\":\"Mona Immo\",\"url\":\"https:\/\/monaimmo.com\/\",\"logo\":{\"@type\":\"ImageObject\",\"inLanguage\":\"fr-FR\",\"@id\":\"https:\/\/monaimmo.com\/#\/schema\/logo\/image\/\",\"url\":\"http:\/\/172.16.2.111\/wp-content\/uploads\/2023\/08\/LOGO-Mona-Immo.png\",\"contentUrl\":\"http:\/\/172.16.2.111\/wp-content\/uploads\/2023\/08\/LOGO-Mona-Immo.png\",\"width\":1000,\"height\":1000,\"caption\":\"Mona Immo\"},\"image\":{\"@id\":\"https:\/\/monaimmo.com\/#\/schema\/logo\/image\/\"},\"sameAs\":[\"https:\/\/www.facebook.com\/residencemonaimmo\/\",\"https:\/\/twitter.com\/Monaimmo2\",\"https:\/\/www.instagram.com\/monaimmobilier\/\",\"https:\/\/www.youtube.com\/@MonaImmo\"]}]}<\/script>\n<!-- \/ Yoast SEO plugin. -->","yoast_head_json":{"title":"Contact - Mona Immo","description":"MONA IMMO est une entreprise de promotion immobili\u00e8re (r\u00e9sidences, commerces et institutions) qui propose actuellement des logements de haut-standing \u00e0 Dakar.","robots":{"index":"index","follow":"follow","max-snippet":"max-snippet:-1","max-image-preview":"max-image-preview:large","max-video-preview":"max-video-preview:-1"},"canonical":"https:\/\/monaimmo.com\/index.php\/contact\/","og_locale":"fr_FR","og_type":"article","og_title":"Contact - Mona Immo","og_description":"MONA IMMO est une entreprise de promotion immobili\u00e8re (r\u00e9sidences, commerces et institutions) qui propose actuellement des logements de haut-standing \u00e0 Dakar.","og_url":"https:\/\/monaimmo.com\/index.php\/contact\/","og_site_name":"Mona Immo","article_publisher":"https:\/\/www.facebook.com\/residencemonaimmo\/","article_modified_time":"2025-01-17T10:01:27+00:00","twitter_card":"summary_large_image","twitter_site":"@Monaimmo2","twitter_misc":{"Dur\u00e9e de lecture estim\u00e9e":"8 minutes"},"schema":{"@context":"https:\/\/schema.org","@graph":[{"@type":"WebPage","@id":"https:\/\/monaimmo.com\/index.php\/contact\/","url":"https:\/\/monaimmo.com\/index.php\/contact\/","name":"Contact - Mona Immo","isPartOf":{"@id":"https:\/\/monaimmo.com\/#website"},"datePublished":"2023-05-25T13:29:51+00:00","dateModified":"2025-01-17T10:01:27+00:00","description":"MONA IMMO est une entreprise de promotion immobili\u00e8re (r\u00e9sidences, commerces et institutions) qui propose actuellement des logements de haut-standing \u00e0 Dakar.","breadcrumb":{"@id":"https:\/\/monaimmo.com\/index.php\/contact\/#breadcrumb"},"inLanguage":"fr-FR","potentialAction":[{"@type":"ReadAction","target":["https:\/\/monaimmo.com\/index.php\/contact\/"]}]},{"@type":"BreadcrumbList","@id":"https:\/\/monaimmo.com\/index.php\/contact\/#breadcrumb","itemListElement":[{"@type":"ListItem","position":1,"name":"Accueil","item":"https:\/\/monaimmo.com\/"},{"@type":"ListItem","position":2,"name":"Contact"}]},{"@type":"WebSite","@id":"https:\/\/monaimmo.com\/#website","url":"https:\/\/monaimmo.com\/","name":"Mona Immo","description":"La r\u00e9sidence id\u00e9ale pour votre style de vie.","publisher":{"@id":"https:\/\/monaimmo.com\/#organization"},"potentialAction":[{"@type":"SearchAction","target":{"@type":"EntryPoint","urlTemplate":"https:\/\/monaimmo.com\/?s={search_term_string}"},"query-input":"required name=search_term_string"}],"inLanguage":"fr-FR"},{"@type":"Organization","@id":"https:\/\/monaimmo.com\/#organization","name":"Mona Immo","url":"https:\/\/monaimmo.com\/","logo":{"@type":"ImageObject","inLanguage":"fr-FR","@id":"https:\/\/monaimmo.com\/#\/schema\/logo\/image\/","url":"http:\/\/172.16.2.111\/wp-content\/uploads\/2023\/08\/LOGO-Mona-Immo.png","contentUrl":"http:\/\/172.16.2.111\/wp-content\/uploads\/2023\/08\/LOGO-Mona-Immo.png","width":1000,"height":1000,"caption":"Mona Immo"},"image":{"@id":"https:\/\/monaimmo.com\/#\/schema\/logo\/image\/"},"sameAs":["https:\/\/www.facebook.com\/residencemonaimmo\/","https:\/\/twitter.com\/Monaimmo2","https:\/\/www.instagram.com\/monaimmobilier\/","https:\/\/www.youtube.com\/@MonaImmo"]}]}},"_links":{"self":[{"href":"https:\/\/monaimmo.com\/index.php\/wp-json\/wp\/v2\/pages\/30266","targetHints":{"allow":["GET"]}}],"collection":[{"href":"https:\/\/monaimmo.com\/index.php\/wp-json\/wp\/v2\/pages"}],"about":[{"href":"https:\/\/monaimmo.com\/index.php\/wp-json\/wp\/v2\/types\/page"}],"author":[{"embeddable":true,"href":"https:\/\/monaimmo.com\/index.php\/wp-json\/wp\/v2\/users\/1"}],"replies":[{"embeddable":true,"href":"https:\/\/monaimmo.com\/index.php\/wp-json\/wp\/v2\/comments?post=30266"}],"version-history":[{"count":44,"href":"https:\/\/monaimmo.com\/index.php\/wp-json\/wp\/v2\/pages\/30266\/revisions"}],"predecessor-version":[{"id":32932,"href":"https:\/\/monaimmo.com\/index.php\/wp-json\/wp\/v2\/pages\/30266\/revisions\/32932"}],"wp:attachment":[{"href":"https:\/\/monaimmo.com\/index.php\/wp-json\/wp\/v2\/media?parent=30266"}],"curies":[{"name":"wp","href":"https:\/\/api.w.org\/{rel}","templated":true}]}}