{"id":32322,"date":"2023-08-16T16:14:44","date_gmt":"2023-08-16T14:14:44","guid":{"rendered":"http:\/\/172.16.2.111\/?page_id=32322"},"modified":"2026-04-23T20:13:45","modified_gmt":"2026-04-23T18:13:45","slug":"a-propos-2","status":"publish","type":"page","link":"https:\/\/monaimmo.com\/index.php\/a-propos-2\/","title":{"rendered":"A Propos"},"content":{"rendered":"<p><img decoding=\"async\" width=\"853\" height=\"1280\" src=\"http:\/\/172.16.2.111\/wp-content\/uploads\/2023\/08\/WhatsApp-Image-2023-05-12-a-16.36.21.jpg\" alt=\"\" loading=\"lazy\" srcset=\"http:\/\/172.16.2.111\/wp-content\/uploads\/2023\/08\/WhatsApp-Image-2023-05-12-a-16.36.21.jpg 853w, http:\/\/172.16.2.111\/wp-content\/uploads\/2023\/08\/WhatsApp-Image-2023-05-12-a-16.36.21-200x300.jpg 200w, http:\/\/172.16.2.111\/wp-content\/uploads\/2023\/08\/WhatsApp-Image-2023-05-12-a-16.36.21-682x1024.jpg 682w, http:\/\/172.16.2.111\/wp-content\/uploads\/2023\/08\/WhatsApp-Image-2023-05-12-a-16.36.21-768x1152.jpg 768w, http:\/\/172.16.2.111\/wp-content\/uploads\/2023\/08\/WhatsApp-Image-2023-05-12-a-16.36.21-600x900.jpg 600w\" sizes=\"auto, (max-width: 853px) 100vw, 853px\" \/>\t\t\t\t\t\t\t\t\t\t\t\t\t\t\t<\/p>\n<h3>Mona Immo<\/h3>\n<h4>Entreprise de promotion immobili\u00e8re<\/h4>\n<p>MONA IMMO est une Soci\u00e9t\u00e9 Unipersonnelle A Responsabilit\u00e9 Limit\u00e9e (SUARL) de promotion immobili\u00e8re (r\u00e9sidences, commerces et institutions) qui propose actuellement des logements de haut-standing \u00e0 Dakar dans sa R\u00e9sidence Mona avec un capital d\u2019un Million (1.000.000) de Francs CFA.<br \/>Forte de l\u2019exp\u00e9rience de ses collaborateurs, MONA IMMO vous accompagne et vous soutient d\u00e8s le d\u00e9but de votre d\u00e9marche, offrant des services de qualit\u00e9 exceptionnelle et une vari\u00e9t\u00e9 de solutions de financement adapt\u00e9s \u00e0 vos besoins.<br \/>Avec MONA IMMO, vous \u00eates rassur\u00e9 de la qualit\u00e9 de nos r\u00e9alisations surpassant les standards du march\u00e9 : la satisfaction de nos clients est notre plus grande r\u00e9ussite !<br \/>MONA IMMO fait de vos r\u00eaves\u00a0une\u00a0r\u00e9alit\u00e9.<\/p>\n<ul>\n<li>\n\t\t\t\t\t\t\t\t\t\t\t\t\t\t\t<a href=\"tel:+221%2077%20485%2032%2032%20\" target=\"_blank\" rel=\"nofollow noopener\"><br \/>\n\t\t\t\t\t\t\t\t\t\t\t\t\t\t\t+221 774853232\t\t\t\t\t\t\t\t\t\t\t\t\t\t\t<\/a>\n\t\t\t\t\t\t\t\t\t\t\t\t\t<\/li>\n<li>\n\t\t\t\t\t\t\t\t\t\t\t\t\t\t\t<a href=\"mailto:contact@172.16.2.111\" target=\"_blank\" rel=\"nofollow noopener\"><br \/>\n\t\t\t\t\t\t\t\t\t\t\t\t\t\t\tcontact@172.16.2.111\t\t\t\t\t\t\t\t\t\t\t\t\t\t\t<\/a>\n\t\t\t\t\t\t\t\t\t\t\t\t\t<\/li>\n<\/ul>\n<style>\/*! elementor - v3.14.0 - 18-06-2023 *\/\n.elementor-column .elementor-spacer-inner{height:var(--spacer-size)}.e-con{--container-widget-width:100%}.e-con-inner>.elementor-widget-spacer,.e-con>.elementor-widget-spacer{width:var(--container-widget-width,var(--spacer-size));--align-self:var(--container-widget-align-self,initial);--flex-shrink:0}.e-con-inner>.elementor-widget-spacer>.elementor-widget-container,.e-con-inner>.elementor-widget-spacer>.elementor-widget-container>.elementor-spacer,.e-con>.elementor-widget-spacer>.elementor-widget-container,.e-con>.elementor-widget-spacer>.elementor-widget-container>.elementor-spacer{height:100%}.e-con-inner>.elementor-widget-spacer>.elementor-widget-container>.elementor-spacer>.elementor-spacer-inner,.e-con>.elementor-widget-spacer>.elementor-widget-container>.elementor-spacer>.elementor-spacer-inner{height:var(--container-widget-height,var(--spacer-size))}<\/style>\n<p>\t\t<iframe loading=\"lazy\" title=\"Bient\u00f4t \u00e0 Dakar, nouveau projet en vefa: la residence mona\" width=\"640\" height=\"360\" src=\"https:\/\/www.youtube.com\/embed\/c63VHXFFiAs?feature=oembed\" frameborder=\"0\" allow=\"accelerometer; autoplay; clipboard-write; encrypted-media; gyroscope; picture-in-picture; web-share\" referrerpolicy=\"strict-origin-when-cross-origin\" allowfullscreen><\/iframe>\t\t<\/p>\n<h3>Contactez-nous<br \/><\/h3>\n<div class=\"wpforms-container wpforms-container-full wpforms-render-modern\" id=\"wpforms-30272\"><form id=\"wpforms-form-30272\" class=\"wpforms-validate wpforms-form wpforms-ajax-form\" data-formid=\"30272\" method=\"post\" enctype=\"multipart\/form-data\" action=\"\/index.php\/wp-json\/wp\/v2\/pages\/32322\" data-token=\"06ef6d72551f569cb39e555ec122a133\"><noscript class=\"wpforms-error-noscript\">Veuillez activer JavaScript dans votre navigateur pour remplir ce formulaire.<\/noscript><div class=\"wpforms-hidden\" id=\"wpforms-error-noscript\">Veuillez activer JavaScript dans votre navigateur pour remplir ce formulaire.<\/div><div class=\"wpforms-field-container\"><div id=\"wpforms-30272-field_1-container\" class=\"wpforms-field wpforms-field-name\" data-field-id=\"1\"><fieldset><legend class=\"wpforms-field-label\">Nom <span class=\"wpforms-required-label\" aria-hidden=\"true\">*<\/span><\/legend><div class=\"wpforms-field-row wpforms-field-medium\"><div class=\"wpforms-field-row-block wpforms-first wpforms-one-half\"><input type=\"text\" id=\"wpforms-30272-field_1\" class=\"wpforms-field-name-first wpforms-field-required\" name=\"wpforms[fields][1][first]\" aria-errormessage=\"wpforms-30272-field_1-error\" required><label for=\"wpforms-30272-field_1\" class=\"wpforms-field-sublabel after \">Pr\u00e9nom<\/label><\/div><div class=\"wpforms-field-row-block wpforms-one-half\"><input type=\"text\" id=\"wpforms-30272-field_1-last\" class=\"wpforms-field-name-last wpforms-field-required\" name=\"wpforms[fields][1][last]\" aria-errormessage=\"wpforms-30272-field_1-last-error\" required><label for=\"wpforms-30272-field_1-last\" class=\"wpforms-field-sublabel after \">Nom<\/label><\/div><\/div><\/fieldset><\/div><div id=\"wpforms-30272-field_3-container\" class=\"wpforms-field wpforms-field-number\" data-field-id=\"3\"><label class=\"wpforms-field-label\" for=\"wpforms-30272-field_3\">T\u00e9l\u00e9phone <span class=\"wpforms-required-label\" aria-hidden=\"true\">*<\/span><\/label><input type=\"number\" pattern=\"\\d*\" id=\"wpforms-30272-field_3\" class=\"wpforms-field-medium wpforms-field-required\" name=\"wpforms[fields][3]\" aria-errormessage=\"wpforms-30272-field_3-error\" required><\/div><div id=\"wpforms-30272-field_4-container\" class=\"wpforms-field wpforms-field-email\" data-field-id=\"4\"><label class=\"wpforms-field-label\" for=\"wpforms-30272-field_4\">E-mail <span class=\"wpforms-required-label\" aria-hidden=\"true\">*<\/span><\/label><input type=\"email\" id=\"wpforms-30272-field_4\" class=\"wpforms-field-medium wpforms-field-required\" name=\"wpforms[fields][4]\" spellcheck=\"false\" aria-errormessage=\"wpforms-30272-field_4-error\" required><\/div><div id=\"wpforms-30272-field_5-container\" class=\"wpforms-field wpforms-field-textarea\" data-field-id=\"5\"><label class=\"wpforms-field-label\" for=\"wpforms-30272-field_5\">Message<\/label><textarea id=\"wpforms-30272-field_5\" class=\"wpforms-field-medium\" name=\"wpforms[fields][5]\" aria-errormessage=\"wpforms-30272-field_5-error\" ><\/textarea><\/div><\/div><!-- .wpforms-field-container --><div class=\"wpforms-submit-container\" ><input type=\"hidden\" name=\"wpforms[id]\" value=\"30272\"><input type=\"hidden\" name=\"wpforms[author]\" value=\"2\"><button type=\"submit\" name=\"wpforms[submit]\" id=\"wpforms-submit-30272\" class=\"wpforms-submit\" data-alt-text=\"Envoi...\" data-submit-text=\"Envoyer\" aria-live=\"assertive\" value=\"wpforms-submit\">Envoyer<\/button><img loading=\"lazy\" decoding=\"async\" src=\"https:\/\/monaimmo.com\/wp-content\/plugins\/wpforms-lite\/assets\/images\/submit-spin.svg\" class=\"wpforms-submit-spinner\" style=\"display: none;\" width=\"26\" height=\"26\" alt=\"Chargement en cours\"><\/div><\/form><\/div>  <!-- .wpforms-container -->\n<ul>\n<li>\n\t\t\t\t\t\t\t\t\t\t\t\t\t\t\t<a href=\"mailto:contact@172.16.2.111\" target=\"_blank\" rel=\"nofollow noopener\"><br \/>\n\t\t\t\t\t\t\t\t\t\t\t\t\t\t\tcontact@172.16.2.111\t\t\t\t\t\t\t\t\t\t\t\t\t\t\t<\/a>\n\t\t\t\t\t\t\t\t\t\t\t\t\t<\/li>\n<\/ul>\n<ul>\n<li>\n\t\t\t\t\t\t\t\t\t\t\t\t\t\t\t<a href=\"tel:+221%2077%20485%2032%2032%20\" target=\"_blank\" rel=\"nofollow noopener\"><br \/>\n\t\t\t\t\t\t\t\t\t\t\t\t\t\t\t+221 77 485 32 32 \t\t\t\t\t\t\t\t\t\t\t\t\t\t\t<\/a>\n\t\t\t\t\t\t\t\t\t\t\t\t\t<\/li>\n<\/ul>\n<p>\t\t\t\t\t\t\t\t\t\t\t\t\t\t\t<img decoding=\"async\" width=\"853\" height=\"1280\" src=\"http:\/\/172.16.2.111\/wp-content\/uploads\/2023\/05\/mona-side.jpg\" alt=\"\" loading=\"lazy\" srcset=\"http:\/\/172.16.2.111\/wp-content\/uploads\/2023\/05\/mona-side.jpg 853w, http:\/\/172.16.2.111\/wp-content\/uploads\/2023\/05\/mona-side-200x300.jpg 200w, http:\/\/172.16.2.111\/wp-content\/uploads\/2023\/05\/mona-side-682x1024.jpg 682w, http:\/\/172.16.2.111\/wp-content\/uploads\/2023\/05\/mona-side-768x1152.jpg 768w, http:\/\/172.16.2.111\/wp-content\/uploads\/2023\/05\/mona-side-600x900.jpg 600w\" sizes=\"auto, (max-width: 853px) 100vw, 853px\" \/>\t\t\t\t\t\t\t\t\t\t\t\t\t\t\t<\/p>\n<h3>R\u00e9sidence Mona<\/h3>\n<h4>La r\u00e9sidence id\u00e9ale pour votre style de vie.<\/h4>\n<ul>\n<li>\n\t\t\t\t\t\t\t\t\t\tDakar\n\t\t\t\t\t\t\t\t\t<\/li>\n<li>\n\t\t\t\t\t\t\t\t\t\tS\u00e9n\u00e9gal\n\t\t\t\t\t\t\t\t\t<\/li>\n<\/ul>\n<p>Almadies, Ngor Virage<\/p>\n","protected":false},"excerpt":{"rendered":"<p>Mona Immo Entreprise de promotion immobili\u00e8re MONA IMMO est une Soci\u00e9t\u00e9 Unipersonnelle A Responsabilit\u00e9 Limit\u00e9e [&hellip;]<\/p>\n","protected":false},"author":2,"featured_media":0,"parent":0,"menu_order":0,"comment_status":"closed","ping_status":"closed","template":"","meta":{"_joinchat":[],"footnotes":""},"class_list":["post-32322","page","type-page","status-publish","hentry"],"yoast_head":"<!-- This site is optimized with the Yoast SEO plugin v20.12 - https:\/\/yoast.com\/wordpress\/plugins\/seo\/ -->\n<title>A Propos - Mona Immo<\/title>\n<meta name=\"description\" content=\"MONA IMMO est une entreprise de promotion immobili\u00e8re (r\u00e9sidences, commerces et institutions) qui propose actuellement des logements de haut-standing \u00e0 Dakar.\" \/>\n<meta name=\"robots\" content=\"index, follow, max-snippet:-1, max-image-preview:large, max-video-preview:-1\" \/>\n<link rel=\"canonical\" href=\"https:\/\/monaimmo.com\/index.php\/a-propos-2\/\" \/>\n<meta property=\"og:locale\" content=\"fr_FR\" \/>\n<meta property=\"og:type\" content=\"article\" \/>\n<meta property=\"og:title\" content=\"A Propos - Mona Immo\" \/>\n<meta property=\"og:description\" content=\"MONA IMMO est une entreprise de promotion immobili\u00e8re (r\u00e9sidences, commerces et institutions) qui propose actuellement des logements de haut-standing \u00e0 Dakar.\" \/>\n<meta property=\"og:url\" content=\"https:\/\/monaimmo.com\/index.php\/a-propos-2\/\" \/>\n<meta property=\"og:site_name\" content=\"Mona Immo\" \/>\n<meta property=\"article:publisher\" content=\"https:\/\/www.facebook.com\/residencemonaimmo\/\" \/>\n<meta property=\"article:modified_time\" content=\"2026-04-23T18:13:45+00:00\" \/>\n<meta property=\"og:image\" content=\"http:\/\/172.16.2.111\/wp-content\/uploads\/2023\/08\/WhatsApp-Image-2023-05-12-a-16.36.21.jpg\" \/>\n<meta name=\"twitter:card\" content=\"summary_large_image\" \/>\n<meta name=\"twitter:site\" content=\"@Monaimmo2\" \/>\n<meta name=\"twitter:label1\" content=\"Dur\u00e9e de lecture estim\u00e9e\" \/>\n\t<meta name=\"twitter:data1\" content=\"2 minutes\" \/>\n<script type=\"application\/ld+json\" class=\"yoast-schema-graph\">{\"@context\":\"https:\/\/schema.org\",\"@graph\":[{\"@type\":\"WebPage\",\"@id\":\"https:\/\/monaimmo.com\/index.php\/a-propos-2\/\",\"url\":\"https:\/\/monaimmo.com\/index.php\/a-propos-2\/\",\"name\":\"A Propos - Mona Immo\",\"isPartOf\":{\"@id\":\"https:\/\/monaimmo.com\/#website\"},\"datePublished\":\"2023-08-16T14:14:44+00:00\",\"dateModified\":\"2026-04-23T18:13:45+00:00\",\"description\":\"MONA IMMO est une entreprise de promotion immobili\u00e8re (r\u00e9sidences, commerces et institutions) qui propose actuellement des logements de haut-standing \u00e0 Dakar.\",\"breadcrumb\":{\"@id\":\"https:\/\/monaimmo.com\/index.php\/a-propos-2\/#breadcrumb\"},\"inLanguage\":\"fr-FR\",\"potentialAction\":[{\"@type\":\"ReadAction\",\"target\":[\"https:\/\/monaimmo.com\/index.php\/a-propos-2\/\"]}]},{\"@type\":\"BreadcrumbList\",\"@id\":\"https:\/\/monaimmo.com\/index.php\/a-propos-2\/#breadcrumb\",\"itemListElement\":[{\"@type\":\"ListItem\",\"position\":1,\"name\":\"Accueil\",\"item\":\"https:\/\/monaimmo.com\/\"},{\"@type\":\"ListItem\",\"position\":2,\"name\":\"A Propos\"}]},{\"@type\":\"WebSite\",\"@id\":\"https:\/\/monaimmo.com\/#website\",\"url\":\"https:\/\/monaimmo.com\/\",\"name\":\"Mona Immo\",\"description\":\"La r\u00e9sidence id\u00e9ale pour votre style de vie.\",\"publisher\":{\"@id\":\"https:\/\/monaimmo.com\/#organization\"},\"potentialAction\":[{\"@type\":\"SearchAction\",\"target\":{\"@type\":\"EntryPoint\",\"urlTemplate\":\"https:\/\/monaimmo.com\/?s={search_term_string}\"},\"query-input\":\"required name=search_term_string\"}],\"inLanguage\":\"fr-FR\"},{\"@type\":\"Organization\",\"@id\":\"https:\/\/monaimmo.com\/#organization\",\"name\":\"Mona Immo\",\"url\":\"https:\/\/monaimmo.com\/\",\"logo\":{\"@type\":\"ImageObject\",\"inLanguage\":\"fr-FR\",\"@id\":\"https:\/\/monaimmo.com\/#\/schema\/logo\/image\/\",\"url\":\"http:\/\/172.16.2.111\/wp-content\/uploads\/2023\/08\/LOGO-Mona-Immo.png\",\"contentUrl\":\"http:\/\/172.16.2.111\/wp-content\/uploads\/2023\/08\/LOGO-Mona-Immo.png\",\"width\":1000,\"height\":1000,\"caption\":\"Mona Immo\"},\"image\":{\"@id\":\"https:\/\/monaimmo.com\/#\/schema\/logo\/image\/\"},\"sameAs\":[\"https:\/\/www.facebook.com\/residencemonaimmo\/\",\"https:\/\/twitter.com\/Monaimmo2\",\"https:\/\/www.instagram.com\/monaimmobilier\/\",\"https:\/\/www.youtube.com\/@MonaImmo\"]}]}<\/script>\n<!-- \/ Yoast SEO plugin. -->","yoast_head_json":{"title":"A Propos - Mona Immo","description":"MONA IMMO est une entreprise de promotion immobili\u00e8re (r\u00e9sidences, commerces et institutions) qui propose actuellement des logements de haut-standing \u00e0 Dakar.","robots":{"index":"index","follow":"follow","max-snippet":"max-snippet:-1","max-image-preview":"max-image-preview:large","max-video-preview":"max-video-preview:-1"},"canonical":"https:\/\/monaimmo.com\/index.php\/a-propos-2\/","og_locale":"fr_FR","og_type":"article","og_title":"A Propos - Mona Immo","og_description":"MONA IMMO est une entreprise de promotion immobili\u00e8re (r\u00e9sidences, commerces et institutions) qui propose actuellement des logements de haut-standing \u00e0 Dakar.","og_url":"https:\/\/monaimmo.com\/index.php\/a-propos-2\/","og_site_name":"Mona Immo","article_publisher":"https:\/\/www.facebook.com\/residencemonaimmo\/","article_modified_time":"2026-04-23T18:13:45+00:00","og_image":[{"url":"http:\/\/172.16.2.111\/wp-content\/uploads\/2023\/08\/WhatsApp-Image-2023-05-12-a-16.36.21.jpg"}],"twitter_card":"summary_large_image","twitter_site":"@Monaimmo2","twitter_misc":{"Dur\u00e9e de lecture estim\u00e9e":"2 minutes"},"schema":{"@context":"https:\/\/schema.org","@graph":[{"@type":"WebPage","@id":"https:\/\/monaimmo.com\/index.php\/a-propos-2\/","url":"https:\/\/monaimmo.com\/index.php\/a-propos-2\/","name":"A Propos - Mona Immo","isPartOf":{"@id":"https:\/\/monaimmo.com\/#website"},"datePublished":"2023-08-16T14:14:44+00:00","dateModified":"2026-04-23T18:13:45+00:00","description":"MONA IMMO est une entreprise de promotion immobili\u00e8re (r\u00e9sidences, commerces et institutions) qui propose actuellement des logements de haut-standing \u00e0 Dakar.","breadcrumb":{"@id":"https:\/\/monaimmo.com\/index.php\/a-propos-2\/#breadcrumb"},"inLanguage":"fr-FR","potentialAction":[{"@type":"ReadAction","target":["https:\/\/monaimmo.com\/index.php\/a-propos-2\/"]}]},{"@type":"BreadcrumbList","@id":"https:\/\/monaimmo.com\/index.php\/a-propos-2\/#breadcrumb","itemListElement":[{"@type":"ListItem","position":1,"name":"Accueil","item":"https:\/\/monaimmo.com\/"},{"@type":"ListItem","position":2,"name":"A Propos"}]},{"@type":"WebSite","@id":"https:\/\/monaimmo.com\/#website","url":"https:\/\/monaimmo.com\/","name":"Mona Immo","description":"La r\u00e9sidence id\u00e9ale pour votre style de vie.","publisher":{"@id":"https:\/\/monaimmo.com\/#organization"},"potentialAction":[{"@type":"SearchAction","target":{"@type":"EntryPoint","urlTemplate":"https:\/\/monaimmo.com\/?s={search_term_string}"},"query-input":"required name=search_term_string"}],"inLanguage":"fr-FR"},{"@type":"Organization","@id":"https:\/\/monaimmo.com\/#organization","name":"Mona Immo","url":"https:\/\/monaimmo.com\/","logo":{"@type":"ImageObject","inLanguage":"fr-FR","@id":"https:\/\/monaimmo.com\/#\/schema\/logo\/image\/","url":"http:\/\/172.16.2.111\/wp-content\/uploads\/2023\/08\/LOGO-Mona-Immo.png","contentUrl":"http:\/\/172.16.2.111\/wp-content\/uploads\/2023\/08\/LOGO-Mona-Immo.png","width":1000,"height":1000,"caption":"Mona Immo"},"image":{"@id":"https:\/\/monaimmo.com\/#\/schema\/logo\/image\/"},"sameAs":["https:\/\/www.facebook.com\/residencemonaimmo\/","https:\/\/twitter.com\/Monaimmo2","https:\/\/www.instagram.com\/monaimmobilier\/","https:\/\/www.youtube.com\/@MonaImmo"]}]}},"_links":{"self":[{"href":"https:\/\/monaimmo.com\/index.php\/wp-json\/wp\/v2\/pages\/32322","targetHints":{"allow":["GET"]}}],"collection":[{"href":"https:\/\/monaimmo.com\/index.php\/wp-json\/wp\/v2\/pages"}],"about":[{"href":"https:\/\/monaimmo.com\/index.php\/wp-json\/wp\/v2\/types\/page"}],"author":[{"embeddable":true,"href":"https:\/\/monaimmo.com\/index.php\/wp-json\/wp\/v2\/users\/2"}],"replies":[{"embeddable":true,"href":"https:\/\/monaimmo.com\/index.php\/wp-json\/wp\/v2\/comments?post=32322"}],"version-history":[{"count":18,"href":"https:\/\/monaimmo.com\/index.php\/wp-json\/wp\/v2\/pages\/32322\/revisions"}],"predecessor-version":[{"id":32966,"href":"https:\/\/monaimmo.com\/index.php\/wp-json\/wp\/v2\/pages\/32322\/revisions\/32966"}],"wp:attachment":[{"href":"https:\/\/monaimmo.com\/index.php\/wp-json\/wp\/v2\/media?parent=32322"}],"curies":[{"name":"wp","href":"https:\/\/api.w.org\/{rel}","templated":true}]}}